{"id":178,"date":"2021-12-30T13:52:17","date_gmt":"2021-12-30T13:52:17","guid":{"rendered":"https:\/\/jul.tr\u00f8.dk\/?page_id=178"},"modified":"2025-01-01T11:56:30","modified_gmt":"2025-01-01T11:56:30","slug":"tak-for-i-aar","status":"publish","type":"page","link":"https:\/\/jul.tr\u00f8.dk\/","title":{"rendered":"Tak for i \u00e5r"},"content":{"rendered":"\n<p>Vi har lukket for muligheden for indsamling af juletr\u00e6er for i \u00e5r. <\/p>\n\n\n\n<p>Du kan allerede nu skrive dig op til at blive informeret, n\u00e5r vi \u00e5bner n\u00e6ste \u00e5rs juletr\u00e6sindsamling. <\/p>\n\n\n<div class=\"wpforms-container wpforms-container-full wpforms-block wpforms-block-0e489f9d-82f6-4409-b203-76415a941e81\" id=\"wpforms-13\"><form id=\"wpforms-form-13\" class=\"wpforms-validate wpforms-form\" data-formid=\"13\" method=\"post\" enctype=\"multipart\/form-data\" action=\"\/index.php?rest_route=%2Fwp%2Fv2%2Fpages%2F178\" data-token=\"2d15dd55d2e0107650972dc65d983ea6\" data-token-time=\"1775830666\"><noscript class=\"wpforms-error-noscript\">Please enable JavaScript in your browser to complete this form.<\/noscript><div class=\"wpforms-field-container\"><div id=\"wpforms-13-field_18-container\" class=\"wpforms-field wpforms-field-text\" data-field-id=\"18\"><label class=\"wpforms-field-label\" for=\"wpforms-13-field_18\">Navn <span class=\"wpforms-required-label\">*<\/span><\/label><input type=\"text\" id=\"wpforms-13-field_18\" class=\"wpforms-field-medium wpforms-field-required\" name=\"wpforms[fields][18]\" required><\/div><div id=\"wpforms-13-field_1-container\" class=\"wpforms-field wpforms-field-email\" data-field-id=\"1\"><label class=\"wpforms-field-label\" for=\"wpforms-13-field_1\">E-mail <span class=\"wpforms-required-label\">*<\/span><\/label><input type=\"email\" id=\"wpforms-13-field_1\" class=\"wpforms-field-medium wpforms-field-required\" name=\"wpforms[fields][1]\" spellcheck=\"false\" required><\/div><\/div><!-- .wpforms-field-container --><div class=\"wpforms-submit-container\" ><input type=\"hidden\" name=\"wpforms[id]\" value=\"13\"><input type=\"hidden\" name=\"page_title\" value=\"\"><input type=\"hidden\" name=\"page_url\" value=\"https:\/\/jul.tr\u00f8.dk\/index.php?rest_route=\/wp\/v2\/pages\/178\"><input type=\"hidden\" name=\"url_referer\" value=\"\"><button type=\"submit\" name=\"wpforms[submit]\" id=\"wpforms-submit-13\" class=\"wpforms-submit\" data-alt-text=\"Sending...\" data-submit-text=\"Submit\" aria-live=\"assertive\" value=\"wpforms-submit\">Submit<\/button><\/div><\/form><\/div>  <!-- .wpforms-container -->\n\n\n<p>Mangler du at betale for i \u00e5r, s\u00e5 er det minimum 100,- til 724580. Sp\u00f8rgsm\u00e5l ang\u00e5ende indsamlingen kan sendes til oresund@team-rynkeby.com, 21194325. Vi sender en mail ud til alle deltagere n\u00e5r det sidste tr\u00e6 er hentet. <\/p>\n","protected":false},"excerpt":{"rendered":"<p>Vi har lukket for muligheden for indsamling af juletr\u00e6er for i \u00e5r. Du kan allerede nu skrive dig op til at blive informeret, n\u00e5r vi \u00e5bner n\u00e6ste \u00e5rs juletr\u00e6sindsamling. Mangler du at betale for i \u00e5r, s\u00e5 er det minimum 100,- til 724580. Sp\u00f8rgsm\u00e5l ang\u00e5ende indsamlingen kan sendes til oresund@team-rynkeby.com, 21194325. Vi sender en mail [&hellip;]<\/p>\n","protected":false},"author":1,"featured_media":0,"parent":0,"menu_order":1,"comment_status":"closed","ping_status":"closed","template":"templates\/template-cover.php","meta":{"footnotes":""},"class_list":["post-178","page","type-page","status-publish","hentry"],"_links":{"self":[{"href":"https:\/\/jul.tr\u00f8.dk\/index.php?rest_route=\/wp\/v2\/pages\/178","targetHints":{"allow":["GET"]}}],"collection":[{"href":"https:\/\/jul.tr\u00f8.dk\/index.php?rest_route=\/wp\/v2\/pages"}],"about":[{"href":"https:\/\/jul.tr\u00f8.dk\/index.php?rest_route=\/wp\/v2\/types\/page"}],"author":[{"embeddable":true,"href":"https:\/\/jul.tr\u00f8.dk\/index.php?rest_route=\/wp\/v2\/users\/1"}],"replies":[{"embeddable":true,"href":"https:\/\/jul.tr\u00f8.dk\/index.php?rest_route=%2Fwp%2Fv2%2Fcomments&post=178"}],"version-history":[{"count":13,"href":"https:\/\/jul.tr\u00f8.dk\/index.php?rest_route=\/wp\/v2\/pages\/178\/revisions"}],"predecessor-version":[{"id":284,"href":"https:\/\/jul.tr\u00f8.dk\/index.php?rest_route=\/wp\/v2\/pages\/178\/revisions\/284"}],"wp:attachment":[{"href":"https:\/\/jul.tr\u00f8.dk\/index.php?rest_route=%2Fwp%2Fv2%2Fmedia&parent=178"}],"curies":[{"name":"wp","href":"https:\/\/api.w.org\/{rel}","templated":true}]}}